{"id":56,"date":"2025-07-21T10:01:16","date_gmt":"2025-07-21T10:01:16","guid":{"rendered":"https:\/\/www.omega-proprete.fr\/index.php\/about\/"},"modified":"2025-09-15T10:04:46","modified_gmt":"2025-09-15T10:04:46","slug":"about","status":"publish","type":"page","link":"https:\/\/www.omega-proprete.fr\/index.php\/about\/","title":{"rendered":"A propos"},"content":{"rendered":"\t\t<div data-elementor-type=\"wp-page\" data-elementor-id=\"56\" class=\"elementor elementor-56\">\n\t\t\t\t<div class=\"elementor-element elementor-element-62515ae2 e-flex e-con-boxed e-con e-parent\" data-id=\"62515ae2\" data-element_type=\"container\" data-settings=\"{&quot;background_background&quot;:&quot;gradient&quot;,&quot;shape_divider_bottom&quot;:&quot;waves&quot;}\">\n\t\t\t\t\t<div class=\"e-con-inner\">\n\t\t\t\t<div class=\"elementor-shape elementor-shape-bottom\" aria-hidden=\"true\" data-negative=\"false\">\n\t\t\t<svg xmlns=\"http:\/\/www.w3.org\/2000\/svg\" viewBox=\"0 0 1000 100\" preserveAspectRatio=\"none\">\n\t<path class=\"elementor-shape-fill\" d=\"M421.9,6.5c22.6-2.5,51.5,0.4,75.5,5.3c23.6,4.9,70.9,23.5,100.5,35.7c75.8,32.2,133.7,44.5,192.6,49.7\n\tc23.6,2.1,48.7,3.5,103.4-2.5c54.7-6,106.2-25.6,106.2-25.6V0H0v30.3c0,0,72,32.6,158.4,30.5c39.2-0.7,92.8-6.7,134-22.4\n\tc21.2-8.1,52.2-18.2,79.7-24.2C399.3,7.9,411.6,7.5,421.9,6.5z\"\/>\n<\/svg>\t\t<\/div>\n\t\t\t\t<div class=\"elementor-element elementor-element-56534afb elementor-widget elementor-widget-heading\" data-id=\"56534afb\" data-element_type=\"widget\" data-widget_type=\"heading.default\">\n\t\t\t\t\t<h1 class=\"elementor-heading-title elementor-size-default\">\u00c0 propos de nous<\/h1>\t\t\t\t<\/div>\n\t\t\t\t<div class=\"elementor-element elementor-element-769a19d4 elementor-widget elementor-widget-heading\" data-id=\"769a19d4\" data-element_type=\"widget\" data-widget_type=\"heading.default\">\n\t\t\t\t\t<h3 class=\"elementor-heading-title elementor-size-default\"><div class=\"elementor-element elementor-element-56534afb elementor-widget elementor-widget-heading\" data-id=\"56534afb\" data-element_type=\"widget\" data-widget_type=\"heading.default\" style=\"gap: var(--row-gap) var(--column-gap);max-width: 100%;white-space: normal\"><span style=\"font-family: var( --e-global-typography-secondary-font-family ), Sans-serif;font-size: var( --e-global-typography-secondary-font-size )\">Dans les coulisses d'Om\u00e9ga Propret\u00e9 &amp; Services<\/span><span style=\"font-family: var( --e-global-typography-secondary-font-family ), Sans-serif;font-size: var( --e-global-typography-secondary-font-size );white-space: pre-wrap\"><\/span><\/div><\/h3>\t\t\t\t<\/div>\n\t\t\t\t\t<\/div>\n\t\t\t\t<\/div>\n\t\t<div class=\"elementor-element elementor-element-20922257 e-flex e-con-boxed e-con e-parent\" data-id=\"20922257\" data-element_type=\"container\" data-settings=\"{&quot;background_background&quot;:&quot;classic&quot;}\">\n\t\t\t\t\t<div class=\"e-con-inner\">\n\t\t\t\t<div class=\"elementor-element elementor-element-b6b03c0 elementor-widget elementor-widget-heading\" data-id=\"b6b03c0\" data-element_type=\"widget\" data-widget_type=\"heading.default\">\n\t\t\t\t\t<h2 class=\"elementor-heading-title elementor-size-default\">Notre histoire<\/h2>\t\t\t\t<\/div>\n\t\t\t\t<div class=\"elementor-element elementor-element-89ddf0d elementor-widget elementor-widget-text-editor\" data-id=\"89ddf0d\" data-element_type=\"widget\" data-widget_type=\"text-editor.default\">\n\t\t\t\t\t\t\t\t\t<p>N\u00e9e de l\u2019alliance interg\u00e9n\u00e9rationnelle entre expertise terrain et vision strat\u00e9gique, notre soci\u00e9t\u00e9 de nettoyage industriel a \u00e9t\u00e9 fond\u00e9e par un p\u00e8re et son fils, r\u00e9unissant plus de 45 ans d\u2019exp\u00e9rience cumul\u00e9e.<\/p><p>\u00a0<\/p><p>Fort de 35 ans dans des fonctions cl\u00e9s du secteur du nettoyage industriel, le p\u00e8re apporte une ma\u00eetrise op\u00e9rationnelle \u00e9prouv\u00e9e. Le fils, quant \u00e0 lui, met \u00e0 profit 10 ann\u00e9es pass\u00e9es au sein de si\u00e8ges de multinationales, \u00e0 piloter la gestion des risques li\u00e9s \u00e0 l\u2019activit\u00e9 agroalimentaire, un secteur o\u00f9 l\u2019hygi\u00e8ne est une exigence absolue.<\/p><p>\u00a0<\/p><p>Cette compl\u00e9mentarit\u00e9 unique nous permet d\u2019offrir des prestations de nettoyage sur mesure, alliant rigueur, performance et conformit\u00e9 aux normes les plus strictes.<\/p><p>\u00a0<\/p><p>Notre ambition : devenir votre partenaire de confiance, capable de garantir un environnement ma\u00eetris\u00e9, sain et s\u00e9curis\u00e9 pour vos activit\u00e9s les plus sensibles.<\/p>\t\t\t\t\t\t\t\t<\/div>\n\t\t\t\t<div class=\"elementor-element elementor-element-697e90cf elementor-widget elementor-widget-heading\" data-id=\"697e90cf\" data-element_type=\"widget\" data-widget_type=\"heading.default\">\n\t\t\t\t\t<h2 class=\"elementor-heading-title elementor-size-default\">Rencontrez notre \u00e9quipe<\/h2>\t\t\t\t<\/div>\n\t\t<div class=\"elementor-element elementor-element-63e5873d e-con-full e-flex e-con e-child\" data-id=\"63e5873d\" data-element_type=\"container\">\n\t\t\t\t<div class=\"elementor-element elementor-element-73d118e8 elementor-widget__width-initial elementor-position-top elementor-widget elementor-widget-image-box\" data-id=\"73d118e8\" data-element_type=\"widget\" data-widget_type=\"image-box.default\">\n\t\t\t\t\t<div class=\"elementor-image-box-wrapper\"><figure class=\"elementor-image-box-img\"><img fetchpriority=\"high\" decoding=\"async\" width=\"250\" height=\"250\" src=\"https:\/\/www.omega-proprete.fr\/wp-content\/uploads\/2025\/08\/img_0096-moyenne-250x250-1.webp\" class=\"attachment-full size-full wp-image-312\" alt=\"\" srcset=\"https:\/\/www.omega-proprete.fr\/wp-content\/uploads\/2025\/08\/img_0096-moyenne-250x250-1.webp 250w, https:\/\/www.omega-proprete.fr\/wp-content\/uploads\/2025\/08\/img_0096-moyenne-250x250-1-150x150.webp 150w\" sizes=\"(max-width: 250px) 100vw, 250px\" \/><\/figure><div class=\"elementor-image-box-content\"><h3 class=\"elementor-image-box-title\">Micka\u00ebl Moreau<\/h3><p class=\"elementor-image-box-description\">Pr\u00e9sident<\/p><\/div><\/div>\t\t\t\t<\/div>\n\t\t\t\t<div class=\"elementor-element elementor-element-4e84c66b elementor-widget__width-initial elementor-position-top elementor-widget elementor-widget-image-box\" data-id=\"4e84c66b\" data-element_type=\"widget\" data-widget_type=\"image-box.default\">\n\t\t\t\t\t<div class=\"elementor-image-box-wrapper\"><figure class=\"elementor-image-box-img\"><img decoding=\"async\" width=\"1160\" height=\"1544\" src=\"https:\/\/www.omega-proprete.fr\/wp-content\/uploads\/2025\/08\/IMG_7735.HEIC.webp\" class=\"attachment-full size-full wp-image-310\" alt=\"\" srcset=\"https:\/\/www.omega-proprete.fr\/wp-content\/uploads\/2025\/08\/IMG_7735.HEIC.webp 1160w, https:\/\/www.omega-proprete.fr\/wp-content\/uploads\/2025\/08\/IMG_7735.HEIC-225x300.webp 225w, https:\/\/www.omega-proprete.fr\/wp-content\/uploads\/2025\/08\/IMG_7735.HEIC-769x1024.webp 769w, https:\/\/www.omega-proprete.fr\/wp-content\/uploads\/2025\/08\/IMG_7735.HEIC-768x1022.webp 768w, https:\/\/www.omega-proprete.fr\/wp-content\/uploads\/2025\/08\/IMG_7735.HEIC-1154x1536.webp 1154w\" sizes=\"(max-width: 1160px) 100vw, 1160px\" \/><\/figure><div class=\"elementor-image-box-content\"><h3 class=\"elementor-image-box-title\">Pascal Moreau<\/h3><p class=\"elementor-image-box-description\">Directeur des Op\u00e9rations<\/p><\/div><\/div>\t\t\t\t<\/div>\n\t\t\t\t<div class=\"elementor-element elementor-element-b64ece3 elementor-widget__width-initial elementor-position-top elementor-widget elementor-widget-image-box\" data-id=\"b64ece3\" data-element_type=\"widget\" data-widget_type=\"image-box.default\">\n\t\t\t\t\t<div class=\"elementor-image-box-wrapper\"><figure class=\"elementor-image-box-img\"><img decoding=\"async\" width=\"1024\" height=\"1536\" src=\"https:\/\/www.omega-proprete.fr\/wp-content\/uploads\/2025\/08\/ChatGPT-Image-14-aout-2025-a-09_05_05.webp\" class=\"attachment-full size-full wp-image-311\" alt=\"\" srcset=\"https:\/\/www.omega-proprete.fr\/wp-content\/uploads\/2025\/08\/ChatGPT-Image-14-aout-2025-a-09_05_05.webp 1024w, https:\/\/www.omega-proprete.fr\/wp-content\/uploads\/2025\/08\/ChatGPT-Image-14-aout-2025-a-09_05_05-200x300.webp 200w, https:\/\/www.omega-proprete.fr\/wp-content\/uploads\/2025\/08\/ChatGPT-Image-14-aout-2025-a-09_05_05-683x1024.webp 683w, https:\/\/www.omega-proprete.fr\/wp-content\/uploads\/2025\/08\/ChatGPT-Image-14-aout-2025-a-09_05_05-768x1152.webp 768w\" sizes=\"(max-width: 1024px) 100vw, 1024px\" \/><\/figure><div class=\"elementor-image-box-content\"><h3 class=\"elementor-image-box-title\">Laurent Jabveneau<\/h3><p class=\"elementor-image-box-description\">Chef de secteur<\/p><\/div><\/div>\t\t\t\t<\/div>\n\t\t\t\t<\/div>\n\t\t\t\t\t<\/div>\n\t\t\t\t<\/div>\n\t\t<div class=\"elementor-element elementor-element-b1e5447 e-flex e-con-boxed e-con e-parent\" data-id=\"b1e5447\" data-element_type=\"container\">\n\t\t\t\t\t<div class=\"e-con-inner\">\n\t\t\t\t\t<\/div>\n\t\t\t\t<\/div>\n\t\t<div class=\"elementor-element elementor-element-pDhHDlE e-con-full e-flex e-con e-parent\" data-id=\"pDhHDlE\" data-element_type=\"container\">\n\t\t<div class=\"elementor-element elementor-element-f5IGTsH e-con-full e-flex e-con e-child\" data-id=\"f5IGTsH\" data-element_type=\"container\">\n\t\t\t\t<div class=\"elementor-element elementor-element-GgBsd1i elementor-widget elementor-widget-heading\" data-id=\"GgBsd1i\" data-element_type=\"widget\" data-widget_type=\"heading.default\">\n\t\t\t\t\t<h5 class=\"elementor-heading-title elementor-size-default\">Nos Valeurs<\/h5>\t\t\t\t<\/div>\n\t\t\t\t<div class=\"elementor-element elementor-element-M2tCA0U elementor-widget elementor-widget-heading\" data-id=\"M2tCA0U\" data-element_type=\"widget\" data-widget_type=\"heading.default\">\n\t\t\t\t\t<h1 class=\"elementor-heading-title elementor-size-default\">Nos Valeurs et Engagements<\/h1>\t\t\t\t<\/div>\n\t\t\t\t<div class=\"elementor-element elementor-element-S4yEImQ elementor-widget elementor-widget-text-editor\" data-id=\"S4yEImQ\" data-element_type=\"widget\" data-widget_type=\"text-editor.default\">\n\t\t\t\t\t\t\t\t\t<p>Chez Omega Propret\u00e9 &amp; Services, chaque projet repose sur des valeurs fondamentales. Celles-ci d\u00e9finissent notre approche dans le secteur du nettoyage industriel. Nous croyons en :<\/p><ul><li><strong>L&rsquo;Excellence :<\/strong> Chaque service est \u00e9labor\u00e9 pour garantir votre satisfaction.<\/li><li><strong>La Fiabilit\u00e9 :<\/strong> Nous comprenons l&rsquo;importance d&rsquo;un service ponctuel et s\u00e9rieux.<\/li><li><strong>L&rsquo;Innovation :<\/strong> Nous utilisons des technologies modernes pour un nettoyage responsable.<\/li><li><strong>L&rsquo;Int\u00e9grit\u00e9 :<\/strong> La transparence est essentielle dans notre relation avec vous.<\/li><\/ul><div>\u00a0<\/div><div>\u00a0<\/div><p><strong>Engagement Social &amp; Environnemental :<\/strong> En tant qu&rsquo;entreprise, nous soutenons les initiatives sociales et environnementales notamment au regard du d\u00e9veloppement durable et de l&rsquo;\u00e9cologie, car nous croyons fermement qu&rsquo;un futur meilleur pour notre communaut\u00e9 est indispensable.\u00a0<\/p>\t\t\t\t\t\t\t\t<\/div>\n\t\t\t\t<\/div>\n\t\t<div class=\"elementor-element elementor-element-NBHgnMU e-con-full e-flex e-con e-child\" data-id=\"NBHgnMU\" data-element_type=\"container\">\n\t\t\t\t<div class=\"elementor-element elementor-element-X9l7brj elementor-grid-1 elementor-widget__width-auto elementor-absolute elementor-shape-rounded e-grid-align-center elementor-widget elementor-widget-social-icons\" data-id=\"X9l7brj\" data-element_type=\"widget\" data-settings=\"{&quot;_position&quot;:&quot;absolute&quot;}\" data-widget_type=\"social-icons.default\">\n\t\t\t\t\t\t\t<div class=\"elementor-social-icons-wrapper elementor-grid\" role=\"list\">\n\t\t\t\t\t\t\t<span class=\"elementor-grid-item\" role=\"listitem\">\n\t\t\t\t\t<a class=\"elementor-icon elementor-social-icon elementor-social-icon-facebook elementor-animation-grow elementor-repeater-item-902d5c1\" target=\"_blank\">\n\t\t\t\t\t\t<span class=\"elementor-screen-only\">Facebook<\/span>\n\t\t\t\t\t\t<svg class=\"e-font-icon-svg e-fab-facebook\" viewBox=\"0 0 512 512\" xmlns=\"http:\/\/www.w3.org\/2000\/svg\"><path d=\"M504 256C504 119 393 8 256 8S8 119 8 256c0 123.78 90.69 226.38 209.25 245V327.69h-63V256h63v-54.64c0-62.15 37-96.48 93.67-96.48 27.14 0 55.52 4.84 55.52 4.84v61h-31.28c-30.8 0-40.41 19.12-40.41 38.73V256h68.78l-11 71.69h-57.78V501C413.31 482.38 504 379.78 504 256z\"><\/path><\/svg>\t\t\t\t\t<\/a>\n\t\t\t\t<\/span>\n\t\t\t\t\t\t\t<span class=\"elementor-grid-item\" role=\"listitem\">\n\t\t\t\t\t<a class=\"elementor-icon elementor-social-icon elementor-social-icon-twitter elementor-animation-grow elementor-repeater-item-fb6f328\" target=\"_blank\">\n\t\t\t\t\t\t<span class=\"elementor-screen-only\">Twitter<\/span>\n\t\t\t\t\t\t<svg class=\"e-font-icon-svg e-fab-twitter\" viewBox=\"0 0 512 512\" xmlns=\"http:\/\/www.w3.org\/2000\/svg\"><path d=\"M459.37 151.716c.325 4.548.325 9.097.325 13.645 0 138.72-105.583 298.558-298.558 298.558-59.452 0-114.68-17.219-161.137-47.106 8.447.974 16.568 1.299 25.34 1.299 49.055 0 94.213-16.568 130.274-44.832-46.132-.975-84.792-31.188-98.112-72.772 6.498.974 12.995 1.624 19.818 1.624 9.421 0 18.843-1.3 27.614-3.573-48.081-9.747-84.143-51.98-84.143-102.985v-1.299c13.969 7.797 30.214 12.67 47.431 13.319-28.264-18.843-46.781-51.005-46.781-87.391 0-19.492 5.197-37.36 14.294-52.954 51.655 63.675 129.3 105.258 216.365 109.807-1.624-7.797-2.599-15.918-2.599-24.04 0-57.828 46.782-104.934 104.934-104.934 30.213 0 57.502 12.67 76.67 33.137 23.715-4.548 46.456-13.32 66.599-25.34-7.798 24.366-24.366 44.833-46.132 57.827 21.117-2.273 41.584-8.122 60.426-16.243-14.292 20.791-32.161 39.308-52.628 54.253z\"><\/path><\/svg>\t\t\t\t\t<\/a>\n\t\t\t\t<\/span>\n\t\t\t\t\t\t\t<span class=\"elementor-grid-item\" role=\"listitem\">\n\t\t\t\t\t<a class=\"elementor-icon elementor-social-icon elementor-social-icon-instagram elementor-animation-grow elementor-repeater-item-bbd7dda\" target=\"_blank\">\n\t\t\t\t\t\t<span class=\"elementor-screen-only\">Instagram<\/span>\n\t\t\t\t\t\t<svg class=\"e-font-icon-svg e-fab-instagram\" viewBox=\"0 0 448 512\" xmlns=\"http:\/\/www.w3.org\/2000\/svg\"><path d=\"M224.1 141c-63.6 0-114.9 51.3-114.9 114.9s51.3 114.9 114.9 114.9S339 319.5 339 255.9 287.7 141 224.1 141zm0 189.6c-41.1 0-74.7-33.5-74.7-74.7s33.5-74.7 74.7-74.7 74.7 33.5 74.7 74.7-33.6 74.7-74.7 74.7zm146.4-194.3c0 14.9-12 26.8-26.8 26.8-14.9 0-26.8-12-26.8-26.8s12-26.8 26.8-26.8 26.8 12 26.8 26.8zm76.1 27.2c-1.7-35.9-9.9-67.7-36.2-93.9-26.2-26.2-58-34.4-93.9-36.2-37-2.1-147.9-2.1-184.9 0-35.8 1.7-67.6 9.9-93.9 36.1s-34.4 58-36.2 93.9c-2.1 37-2.1 147.9 0 184.9 1.7 35.9 9.9 67.7 36.2 93.9s58 34.4 93.9 36.2c37 2.1 147.9 2.1 184.9 0 35.9-1.7 67.7-9.9 93.9-36.2 26.2-26.2 34.4-58 36.2-93.9 2.1-37 2.1-147.8 0-184.8zM398.8 388c-7.8 19.6-22.9 34.7-42.6 42.6-29.5 11.7-99.5 9-132.1 9s-102.7 2.6-132.1-9c-19.6-7.8-34.7-22.9-42.6-42.6-11.7-29.5-9-99.5-9-132.1s-2.6-102.7 9-132.1c7.8-19.6 22.9-34.7 42.6-42.6 29.5-11.7 99.5-9 132.1-9s102.7-2.6 132.1 9c19.6 7.8 34.7 22.9 42.6 42.6 11.7 29.5 9 99.5 9 132.1s2.7 102.7-9 132.1z\"><\/path><\/svg>\t\t\t\t\t<\/a>\n\t\t\t\t<\/span>\n\t\t\t\t\t<\/div>\n\t\t\t\t\t\t<\/div>\n\t\t\t\t<\/div>\n\t\t\t\t<\/div>\n\t\t\t\t<\/div>\n\t\t","protected":false},"excerpt":{"rendered":"<p>\u00c0 propos de nous Dans les coulisses d&rsquo;Om\u00e9ga Propret\u00e9 &amp; Services Notre histoire N\u00e9e de l\u2019alliance interg\u00e9n\u00e9rationnelle entre expertise terrain et vision strat\u00e9gique, notre soci\u00e9t\u00e9 de nettoyage industriel a \u00e9t\u00e9 fond\u00e9e par un p\u00e8re et son fils, r\u00e9unissant plus de 45 ans d\u2019exp\u00e9rience cumul\u00e9e. \u00a0 Fort de 35 ans dans des fonctions cl\u00e9s du secteur [&hellip;]<\/p>\n","protected":false},"author":1,"featured_media":0,"parent":0,"menu_order":0,"comment_status":"closed","ping_status":"closed","template":"elementor_header_footer","meta":{"footnotes":""},"class_list":["post-56","page","type-page","status-publish","hentry"],"_links":{"self":[{"href":"https:\/\/www.omega-proprete.fr\/index.php\/wp-json\/wp\/v2\/pages\/56","targetHints":{"allow":["GET"]}}],"collection":[{"href":"https:\/\/www.omega-proprete.fr\/index.php\/wp-json\/wp\/v2\/pages"}],"about":[{"href":"https:\/\/www.omega-proprete.fr\/index.php\/wp-json\/wp\/v2\/types\/page"}],"author":[{"embeddable":true,"href":"https:\/\/www.omega-proprete.fr\/index.php\/wp-json\/wp\/v2\/users\/1"}],"replies":[{"embeddable":true,"href":"https:\/\/www.omega-proprete.fr\/index.php\/wp-json\/wp\/v2\/comments?post=56"}],"version-history":[{"count":23,"href":"https:\/\/www.omega-proprete.fr\/index.php\/wp-json\/wp\/v2\/pages\/56\/revisions"}],"predecessor-version":[{"id":322,"href":"https:\/\/www.omega-proprete.fr\/index.php\/wp-json\/wp\/v2\/pages\/56\/revisions\/322"}],"wp:attachment":[{"href":"https:\/\/www.omega-proprete.fr\/index.php\/wp-json\/wp\/v2\/media?parent=56"}],"curies":[{"name":"wp","href":"https:\/\/api.w.org\/{rel}","templated":true}]}}