{"id":257,"date":"2025-07-28T13:16:38","date_gmt":"2025-07-28T13:16:38","guid":{"rendered":"https:\/\/www.omega-proprete.fr\/?page_id=257"},"modified":"2025-08-11T06:20:44","modified_gmt":"2025-08-11T06:20:44","slug":"vitrerie","status":"publish","type":"page","link":"https:\/\/www.omega-proprete.fr\/index.php\/vitrerie\/","title":{"rendered":"Vitrerie"},"content":{"rendered":"\t\t<div data-elementor-type=\"wp-page\" data-elementor-id=\"257\" class=\"elementor elementor-257\">\n\t\t\t\t<div class=\"elementor-element elementor-element-b474e88 e-flex e-con-boxed e-con e-parent\" data-id=\"b474e88\" data-element_type=\"container\">\n\t\t\t\t\t<div class=\"e-con-inner\">\n\t\t\t\t<div class=\"elementor-element elementor-element-8e20db2 elementor-widget elementor-widget-heading\" data-id=\"8e20db2\" data-element_type=\"widget\" data-widget_type=\"heading.default\">\n\t\t\t\t\t<h2 class=\"elementor-heading-title elementor-size-default\">Vitrerie<\/h2>\t\t\t\t<\/div>\n\t\t\t\t<div class=\"elementor-element elementor-element-980d23e elementor-widget elementor-widget-heading\" data-id=\"980d23e\" data-element_type=\"widget\" data-widget_type=\"heading.default\">\n\t\t\t\t\t<h2 class=\"elementor-heading-title elementor-size-default\">Des vitres impeccables pour une image toujours claire et soign\u00e9e<\/h2>\t\t\t\t<\/div>\n\t\t\t\t<div class=\"elementor-element elementor-element-7a795bb elementor-widget elementor-widget-image\" data-id=\"7a795bb\" data-element_type=\"widget\" data-widget_type=\"image.default\">\n\t\t\t\t\t\t\t\t\t\t\t\t\t\t\t<img fetchpriority=\"high\" decoding=\"async\" width=\"683\" height=\"1024\" src=\"https:\/\/www.omega-proprete.fr\/wp-content\/uploads\/2025\/08\/cordiste-683x1024.png\" class=\"attachment-large size-large wp-image-284\" alt=\"\" srcset=\"https:\/\/www.omega-proprete.fr\/wp-content\/uploads\/2025\/08\/cordiste-683x1024.png 683w, https:\/\/www.omega-proprete.fr\/wp-content\/uploads\/2025\/08\/cordiste-200x300.png 200w, https:\/\/www.omega-proprete.fr\/wp-content\/uploads\/2025\/08\/cordiste-768x1152.png 768w, https:\/\/www.omega-proprete.fr\/wp-content\/uploads\/2025\/08\/cordiste.png 1024w\" sizes=\"(max-width: 683px) 100vw, 683px\" \/>\t\t\t\t\t\t\t\t\t\t\t\t\t\t\t<\/div>\n\t\t\t\t<div class=\"elementor-element elementor-element-6dd8e2e elementor-widget elementor-widget-text-editor\" data-id=\"6dd8e2e\" data-element_type=\"widget\" data-widget_type=\"text-editor.default\">\n\t\t\t\t\t\t\t\t\t<p data-start=\"303\" data-end=\"618\">La propret\u00e9 des vitres joue un r\u00f4le cl\u00e9 dans <strong data-start=\"348\" data-end=\"377\">l\u2019apparence d\u2019un b\u00e2timent<\/strong>, qu\u2019il s\u2019agisse de bureaux, commerces, immeubles ou vitrines commerciales. Nous proposons un service complet de <strong data-start=\"490\" data-end=\"515\">nettoyage de vitrerie<\/strong>, accessible ou en hauteur, r\u00e9gulier ou ponctuel, pour garantir <strong data-start=\"579\" data-end=\"617\">transparence, brillance et nettet\u00e9<\/strong>.<\/p><h4 data-start=\"620\" data-end=\"649\">Nous intervenons sur :<\/h4><ul data-start=\"650\" data-end=\"960\"><li data-start=\"650\" data-end=\"700\"><p data-start=\"652\" data-end=\"700\">Vitrines de magasins et enseignes commerciales<\/p><\/li><li data-start=\"701\" data-end=\"744\"><p data-start=\"703\" data-end=\"744\">Baies vitr\u00e9es, fen\u00eatres, portes vitr\u00e9es<\/p><\/li><li data-start=\"745\" data-end=\"798\"><p data-start=\"747\" data-end=\"798\">Miroirs, verri\u00e8res, parois de s\u00e9paration en verre<\/p><\/li><li data-start=\"799\" data-end=\"857\"><p data-start=\"801\" data-end=\"857\">Fa\u00e7ades vitr\u00e9es d\u2019immeubles et de b\u00e2timents tertiaires<\/p><\/li><li data-start=\"858\" data-end=\"891\"><p data-start=\"860\" data-end=\"891\">Verri\u00e8res et puits de lumi\u00e8re<\/p><\/li><li data-start=\"892\" data-end=\"960\"><p data-start=\"894\" data-end=\"960\">Vitres en hauteur ou d\u2019acc\u00e8s difficile (avec nacelle ou cordistes)<\/p><\/li><\/ul><h4 data-start=\"962\" data-end=\"984\">Nos m\u00e9thodes :<\/h4><ul data-start=\"985\" data-end=\"1234\"><li data-start=\"985\" data-end=\"1045\"><p data-start=\"987\" data-end=\"1045\">Nettoyage manuel traditionnel ou avec syst\u00e8me \u00e0 eau pure<\/p><\/li><li data-start=\"1046\" data-end=\"1114\"><p data-start=\"1048\" data-end=\"1114\">Utilisation de raclettes professionnelles, perches t\u00e9lescopiques<\/p><\/li><li data-start=\"1115\" data-end=\"1167\"><p data-start=\"1117\" data-end=\"1167\">Produits anti-traces et respectueux des surfaces<\/p><\/li><li data-start=\"1168\" data-end=\"1234\"><p data-start=\"1170\" data-end=\"1234\">Intervention rapide, discr\u00e8te, sans perturbation de l\u2019activit\u00e9<\/p><\/li><\/ul><h4 data-start=\"1236\" data-end=\"1265\">S\u00e9curit\u00e9 &amp; efficacit\u00e9<\/h4><p data-start=\"1266\" data-end=\"1521\">Nos agents sont habilit\u00e9s pour les interventions en hauteur (CACES nacelle, interventions sur corde) et interviennent dans le <strong data-start=\"1392\" data-end=\"1435\">respect total des consignes de s\u00e9curit\u00e9<\/strong>. Chaque prestation est planifi\u00e9e avec un rep\u00e9rage pr\u00e9alable des acc\u00e8s et contraintes.<\/p>\t\t\t\t\t\t\t\t<\/div>\n\t\t\t\t\t<\/div>\n\t\t\t\t<\/div>\n\t\t<div class=\"elementor-element elementor-element-ba36a01 e-flex e-con-boxed e-con e-parent\" data-id=\"ba36a01\" data-element_type=\"container\">\n\t\t\t\t\t<div class=\"e-con-inner\">\n\t\t\t\t\t<\/div>\n\t\t\t\t<\/div>\n\t\t\t\t<\/div>\n\t\t","protected":false},"excerpt":{"rendered":"<p>Vitrerie Des vitres impeccables pour une image toujours claire et soign\u00e9e La propret\u00e9 des vitres joue un r\u00f4le cl\u00e9 dans l\u2019apparence d\u2019un b\u00e2timent, qu\u2019il s\u2019agisse de bureaux, commerces, immeubles ou vitrines commerciales. Nous proposons un service complet de nettoyage de vitrerie, accessible ou en hauteur, r\u00e9gulier ou ponctuel, pour garantir transparence, brillance et nettet\u00e9. Nous [&hellip;]<\/p>\n","protected":false},"author":1,"featured_media":0,"parent":0,"menu_order":0,"comment_status":"closed","ping_status":"closed","template":"","meta":{"footnotes":""},"class_list":["post-257","page","type-page","status-publish","hentry"],"_links":{"self":[{"href":"https:\/\/www.omega-proprete.fr\/index.php\/wp-json\/wp\/v2\/pages\/257","targetHints":{"allow":["GET"]}}],"collection":[{"href":"https:\/\/www.omega-proprete.fr\/index.php\/wp-json\/wp\/v2\/pages"}],"about":[{"href":"https:\/\/www.omega-proprete.fr\/index.php\/wp-json\/wp\/v2\/types\/page"}],"author":[{"embeddable":true,"href":"https:\/\/www.omega-proprete.fr\/index.php\/wp-json\/wp\/v2\/users\/1"}],"replies":[{"embeddable":true,"href":"https:\/\/www.omega-proprete.fr\/index.php\/wp-json\/wp\/v2\/comments?post=257"}],"version-history":[{"count":7,"href":"https:\/\/www.omega-proprete.fr\/index.php\/wp-json\/wp\/v2\/pages\/257\/revisions"}],"predecessor-version":[{"id":309,"href":"https:\/\/www.omega-proprete.fr\/index.php\/wp-json\/wp\/v2\/pages\/257\/revisions\/309"}],"wp:attachment":[{"href":"https:\/\/www.omega-proprete.fr\/index.php\/wp-json\/wp\/v2\/media?parent=257"}],"curies":[{"name":"wp","href":"https:\/\/api.w.org\/{rel}","templated":true}]}}