{"id":252,"date":"2025-07-28T13:13:34","date_gmt":"2025-07-28T13:13:34","guid":{"rendered":"https:\/\/www.omega-proprete.fr\/?page_id=252"},"modified":"2025-08-11T06:20:08","modified_gmt":"2025-08-11T06:20:08","slug":"travaux-speciaux","status":"publish","type":"page","link":"https:\/\/www.omega-proprete.fr\/index.php\/travaux-speciaux\/","title":{"rendered":"Travaux Sp\u00e9ciaux"},"content":{"rendered":"\t\t<div data-elementor-type=\"wp-page\" data-elementor-id=\"252\" class=\"elementor elementor-252\">\n\t\t\t\t<div class=\"elementor-element elementor-element-910496d e-flex e-con-boxed e-con e-parent\" data-id=\"910496d\" data-element_type=\"container\">\n\t\t\t\t\t<div class=\"e-con-inner\">\n\t\t\t\t<div class=\"elementor-element elementor-element-8abd545 elementor-widget elementor-widget-heading\" data-id=\"8abd545\" data-element_type=\"widget\" data-widget_type=\"heading.default\">\n\t\t\t\t\t<h2 class=\"elementor-heading-title elementor-size-default\">Travaux Sp\u00e9ciaux<\/h2>\t\t\t\t<\/div>\n\t\t\t\t<div class=\"elementor-element elementor-element-a05499f elementor-widget elementor-widget-heading\" data-id=\"a05499f\" data-element_type=\"widget\" data-widget_type=\"heading.default\">\n\t\t\t\t\t<h2 class=\"elementor-heading-title elementor-size-default\">Des interventions techniques pour les situations particuli\u00e8res<\/h2>\t\t\t\t<\/div>\n\t\t\t\t<div class=\"elementor-element elementor-element-a4f90cb elementor-widget elementor-widget-image\" data-id=\"a4f90cb\" data-element_type=\"widget\" data-widget_type=\"image.default\">\n\t\t\t\t\t\t\t\t\t\t\t\t\t\t\t<img fetchpriority=\"high\" decoding=\"async\" width=\"800\" height=\"534\" src=\"https:\/\/www.omega-proprete.fr\/wp-content\/uploads\/2025\/08\/TE-1024x683.png\" class=\"attachment-large size-large wp-image-288\" alt=\"\" srcset=\"https:\/\/www.omega-proprete.fr\/wp-content\/uploads\/2025\/08\/TE-1024x683.png 1024w, https:\/\/www.omega-proprete.fr\/wp-content\/uploads\/2025\/08\/TE-300x200.png 300w, https:\/\/www.omega-proprete.fr\/wp-content\/uploads\/2025\/08\/TE-768x512.png 768w, https:\/\/www.omega-proprete.fr\/wp-content\/uploads\/2025\/08\/TE.png 1536w\" sizes=\"(max-width: 800px) 100vw, 800px\" \/>\t\t\t\t\t\t\t\t\t\t\t\t\t\t\t<\/div>\n\t\t\t\t<div class=\"elementor-element elementor-element-c1ca119 elementor-widget elementor-widget-text-editor\" data-id=\"c1ca119\" data-element_type=\"widget\" data-widget_type=\"text-editor.default\">\n\t\t\t\t\t\t\t\t\t<p data-start=\"269\" data-end=\"543\">Certaines missions de nettoyage n\u00e9cessitent des comp\u00e9tences, des \u00e9quipements et des m\u00e9thodes particuli\u00e8res. Nos <strong data-start=\"381\" data-end=\"401\">travaux sp\u00e9ciaux<\/strong> r\u00e9pondent aux besoins complexes ou exceptionnels, dans des conditions parfois difficiles d\u2019acc\u00e8s, \u00e0 risque ou hors des prestations courantes.<\/p><p data-start=\"545\" data-end=\"681\">Nous intervenons avec <strong data-start=\"567\" data-end=\"612\">efficacit\u00e9, s\u00e9curit\u00e9 et professionnalisme<\/strong>, que ce soit en hauteur, apr\u00e8s sinistre, ou sur des sites sensibles.<\/p><h4 data-start=\"683\" data-end=\"740\">Exemples de travaux sp\u00e9ciaux que nous r\u00e9alisons :<\/h4><ul data-start=\"741\" data-end=\"1144\"><li data-start=\"741\" data-end=\"805\"><p data-start=\"743\" data-end=\"805\">Nettoyage en hauteur (fa\u00e7ades vitr\u00e9es, bardages, verri\u00e8res\u2026)<\/p><\/li><li data-start=\"806\" data-end=\"872\"><p data-start=\"808\" data-end=\"872\">Remise en \u00e9tat apr\u00e8s sinistre (incendie, d\u00e9g\u00e2t des eaux, etc.)<\/p><\/li><li data-start=\"873\" data-end=\"921\"><p data-start=\"875\" data-end=\"921\">Nettoyage de fin de chantier ou post-travaux<\/p><\/li><li data-start=\"922\" data-end=\"980\"><p data-start=\"924\" data-end=\"980\">D\u00e9barras de locaux encombr\u00e9s, insalubres ou abandonn\u00e9s<\/p><\/li><li data-start=\"981\" data-end=\"1024\"><p data-start=\"983\" data-end=\"1024\">Nettoyage cryog\u00e9nique ou haute pression<\/p><\/li><li data-start=\"1025\" data-end=\"1079\"><p data-start=\"1027\" data-end=\"1079\">D\u00e9sinfection et d\u00e9contamination de zones sensibles<\/p><\/li><li data-start=\"1080\" data-end=\"1144\"><p data-start=\"1082\" data-end=\"1144\">Traitement anti-graffiti et d\u00e9capage de surfaces ext\u00e9rieures<\/p><\/li><\/ul><h4 data-start=\"1146\" data-end=\"1182\">Une \u00e9quipe form\u00e9e et \u00e9quip\u00e9e<\/h4><p data-start=\"1183\" data-end=\"1495\">Nos agents sont form\u00e9s aux <strong data-start=\"1210\" data-end=\"1232\">travaux en hauteur<\/strong>, aux <strong data-start=\"1238\" data-end=\"1261\">risques sp\u00e9cifiques<\/strong> (port d\u2019EPI, CACES, habilitations) et \u00e0 l\u2019utilisation de mat\u00e9riel professionnel (nacelles, \u00e9chafaudages, nettoyeurs industriels\u2026).<br data-start=\"1392\" data-end=\"1395\" \/>Chaque intervention fait l\u2019objet d\u2019une <strong data-start=\"1434\" data-end=\"1456\">analyse de risques<\/strong> et d\u2019un <strong data-start=\"1465\" data-end=\"1494\">plan de pr\u00e9vention adapt\u00e9<\/strong>.<\/p><h4 data-start=\"1497\" data-end=\"1537\">Qualit\u00e9, s\u00e9curit\u00e9 et tra\u00e7abilit\u00e9<\/h4><p data-start=\"1538\" data-end=\"1709\">Nous garantissons la tra\u00e7abilit\u00e9 de nos interventions et la conformit\u00e9 aux normes en vigueur, notamment dans les environnements \u00e0 contraintes r\u00e9glementaires ou techniques.<\/p>\t\t\t\t\t\t\t\t<\/div>\n\t\t\t\t\t<\/div>\n\t\t\t\t<\/div>\n\t\t<div class=\"elementor-element elementor-element-a7a5e18 e-flex e-con-boxed e-con e-parent\" data-id=\"a7a5e18\" data-element_type=\"container\">\n\t\t\t\t\t<div class=\"e-con-inner\">\n\t\t\t\t\t<\/div>\n\t\t\t\t<\/div>\n\t\t<div class=\"elementor-element elementor-element-5b9e9c7 e-grid e-con-boxed e-con e-parent\" data-id=\"5b9e9c7\" data-element_type=\"container\">\n\t\t\t\t\t<div class=\"e-con-inner\">\n\t\t\t\t<div class=\"elementor-element elementor-element-3dfd286 elementor-widget elementor-widget-image\" data-id=\"3dfd286\" data-element_type=\"widget\" data-widget_type=\"image.default\">\n\t\t\t\t\t\t\t\t\t\t\t\t\t\t\t<img decoding=\"async\" width=\"800\" height=\"600\" src=\"https:\/\/www.omega-proprete.fr\/wp-content\/uploads\/2025\/08\/bardage-avant-1024x768.jpeg\" class=\"attachment-large size-large wp-image-281\" alt=\"\" srcset=\"https:\/\/www.omega-proprete.fr\/wp-content\/uploads\/2025\/08\/bardage-avant-1024x768.jpeg 1024w, https:\/\/www.omega-proprete.fr\/wp-content\/uploads\/2025\/08\/bardage-avant-300x225.jpeg 300w, https:\/\/www.omega-proprete.fr\/wp-content\/uploads\/2025\/08\/bardage-avant-768x576.jpeg 768w, https:\/\/www.omega-proprete.fr\/wp-content\/uploads\/2025\/08\/bardage-avant-1536x1152.jpeg 1536w, https:\/\/www.omega-proprete.fr\/wp-content\/uploads\/2025\/08\/bardage-avant-2048x1536.jpeg 2048w\" sizes=\"(max-width: 800px) 100vw, 800px\" \/>\t\t\t\t\t\t\t\t\t\t\t\t\t\t\t<\/div>\n\t\t\t\t<div class=\"elementor-element elementor-element-616d3ae elementor-widget elementor-widget-image\" data-id=\"616d3ae\" data-element_type=\"widget\" data-widget_type=\"image.default\">\n\t\t\t\t\t\t\t\t\t\t\t\t\t\t\t<img decoding=\"async\" width=\"800\" height=\"600\" src=\"https:\/\/www.omega-proprete.fr\/wp-content\/uploads\/2025\/08\/bardage-apres-1024x768.jpeg\" class=\"attachment-large size-large wp-image-280\" alt=\"\" srcset=\"https:\/\/www.omega-proprete.fr\/wp-content\/uploads\/2025\/08\/bardage-apres-1024x768.jpeg 1024w, https:\/\/www.omega-proprete.fr\/wp-content\/uploads\/2025\/08\/bardage-apres-300x225.jpeg 300w, https:\/\/www.omega-proprete.fr\/wp-content\/uploads\/2025\/08\/bardage-apres-768x576.jpeg 768w, https:\/\/www.omega-proprete.fr\/wp-content\/uploads\/2025\/08\/bardage-apres-1536x1152.jpeg 1536w, https:\/\/www.omega-proprete.fr\/wp-content\/uploads\/2025\/08\/bardage-apres-2048x1536.jpeg 2048w\" sizes=\"(max-width: 800px) 100vw, 800px\" \/>\t\t\t\t\t\t\t\t\t\t\t\t\t\t\t<\/div>\n\t\t\t\t\t<\/div>\n\t\t\t\t<\/div>\n\t\t\t\t<\/div>\n\t\t","protected":false},"excerpt":{"rendered":"<p>Travaux Sp\u00e9ciaux Des interventions techniques pour les situations particuli\u00e8res Certaines missions de nettoyage n\u00e9cessitent des comp\u00e9tences, des \u00e9quipements et des m\u00e9thodes particuli\u00e8res. Nos travaux sp\u00e9ciaux r\u00e9pondent aux besoins complexes ou exceptionnels, dans des conditions parfois difficiles d\u2019acc\u00e8s, \u00e0 risque ou hors des prestations courantes. Nous intervenons avec efficacit\u00e9, s\u00e9curit\u00e9 et professionnalisme, que ce soit en [&hellip;]<\/p>\n","protected":false},"author":1,"featured_media":0,"parent":0,"menu_order":0,"comment_status":"closed","ping_status":"closed","template":"","meta":{"footnotes":""},"class_list":["post-252","page","type-page","status-publish","hentry"],"_links":{"self":[{"href":"https:\/\/www.omega-proprete.fr\/index.php\/wp-json\/wp\/v2\/pages\/252","targetHints":{"allow":["GET"]}}],"collection":[{"href":"https:\/\/www.omega-proprete.fr\/index.php\/wp-json\/wp\/v2\/pages"}],"about":[{"href":"https:\/\/www.omega-proprete.fr\/index.php\/wp-json\/wp\/v2\/types\/page"}],"author":[{"embeddable":true,"href":"https:\/\/www.omega-proprete.fr\/index.php\/wp-json\/wp\/v2\/users\/1"}],"replies":[{"embeddable":true,"href":"https:\/\/www.omega-proprete.fr\/index.php\/wp-json\/wp\/v2\/comments?post=252"}],"version-history":[{"count":7,"href":"https:\/\/www.omega-proprete.fr\/index.php\/wp-json\/wp\/v2\/pages\/252\/revisions"}],"predecessor-version":[{"id":306,"href":"https:\/\/www.omega-proprete.fr\/index.php\/wp-json\/wp\/v2\/pages\/252\/revisions\/306"}],"wp:attachment":[{"href":"https:\/\/www.omega-proprete.fr\/index.php\/wp-json\/wp\/v2\/media?parent=252"}],"curies":[{"name":"wp","href":"https:\/\/api.w.org\/{rel}","templated":true}]}}