{"id":242,"date":"2025-07-28T12:58:19","date_gmt":"2025-07-28T12:58:19","guid":{"rendered":"https:\/\/www.omega-proprete.fr\/?page_id=242"},"modified":"2025-08-11T06:16:54","modified_gmt":"2025-08-11T06:16:54","slug":"nettoyage-des-espaces-commerciaux","status":"publish","type":"page","link":"https:\/\/www.omega-proprete.fr\/index.php\/nettoyage-des-espaces-commerciaux\/","title":{"rendered":"Nettoyage des Espaces Commerciaux"},"content":{"rendered":"\t\t<div data-elementor-type=\"wp-page\" data-elementor-id=\"242\" class=\"elementor elementor-242\">\n\t\t\t\t<div class=\"elementor-element elementor-element-20b77ab e-flex e-con-boxed e-con e-parent\" data-id=\"20b77ab\" data-element_type=\"container\">\n\t\t\t\t\t<div class=\"e-con-inner\">\n\t\t\t\t<div class=\"elementor-element elementor-element-49eff35 elementor-widget elementor-widget-heading\" data-id=\"49eff35\" data-element_type=\"widget\" data-widget_type=\"heading.default\">\n\t\t\t\t\t<h2 class=\"elementor-heading-title elementor-size-default\">Nettoyage des Espaces Commerciaux<\/h2>\t\t\t\t<\/div>\n\t\t\t\t<div class=\"elementor-element elementor-element-33e0363 elementor-widget elementor-widget-heading\" data-id=\"33e0363\" data-element_type=\"widget\" data-widget_type=\"heading.default\">\n\t\t\t\t\t<h2 class=\"elementor-heading-title elementor-size-default\">Valorisez votre image gr\u00e2ce \u00e0 des locaux irr\u00e9prochables<\/h2>\t\t\t\t<\/div>\n\t\t\t\t<div class=\"elementor-element elementor-element-f527f99 elementor-widget elementor-widget-image\" data-id=\"f527f99\" data-element_type=\"widget\" data-widget_type=\"image.default\">\n\t\t\t\t\t\t\t\t\t\t\t\t\t\t\t<img fetchpriority=\"high\" decoding=\"async\" width=\"683\" height=\"1024\" src=\"https:\/\/www.omega-proprete.fr\/wp-content\/uploads\/2025\/08\/commercial-683x1024.png\" class=\"attachment-large size-large wp-image-283\" alt=\"\" srcset=\"https:\/\/www.omega-proprete.fr\/wp-content\/uploads\/2025\/08\/commercial-683x1024.png 683w, https:\/\/www.omega-proprete.fr\/wp-content\/uploads\/2025\/08\/commercial-200x300.png 200w, https:\/\/www.omega-proprete.fr\/wp-content\/uploads\/2025\/08\/commercial-768x1152.png 768w, https:\/\/www.omega-proprete.fr\/wp-content\/uploads\/2025\/08\/commercial.png 1024w\" sizes=\"(max-width: 683px) 100vw, 683px\" \/>\t\t\t\t\t\t\t\t\t\t\t\t\t\t\t<\/div>\n\t\t\t\t<div class=\"elementor-element elementor-element-e7c3c9d elementor-widget elementor-widget-text-editor\" data-id=\"e7c3c9d\" data-element_type=\"widget\" data-widget_type=\"text-editor.default\">\n\t\t\t\t\t\t\t\t\t<p data-start=\"257\" data-end=\"489\">Dans un environnement commercial, la <strong data-start=\"294\" data-end=\"325\">propret\u00e9 est un facteur cl\u00e9<\/strong> d\u2019attractivit\u00e9 et de fid\u00e9lisation. Elle contribue non seulement \u00e0 l\u2019image de votre enseigne, mais aussi au confort de vos \u00e9quipes et \u00e0 la confiance de vos clients.<\/p><p data-start=\"491\" data-end=\"621\">Nous intervenons dans tous types d\u2019espaces commerciaux : <strong data-start=\"548\" data-end=\"620\">boutiques, grandes surfaces, galeries marchandes, showrooms, agences<\/strong>\u2026<\/p><h4 data-start=\"623\" data-end=\"656\">Nos services comprennent :<\/h4><ul data-start=\"657\" data-end=\"1013\"><li data-start=\"657\" data-end=\"716\"><p data-start=\"659\" data-end=\"716\">Nettoyage des sols (carrelage, moquette, parquet, etc.)<\/p><\/li><li data-start=\"717\" data-end=\"772\"><p data-start=\"719\" data-end=\"772\">Entretien des vitrines, miroirs et surfaces vitr\u00e9es<\/p><\/li><li data-start=\"773\" data-end=\"826\"><p data-start=\"775\" data-end=\"826\">D\u00e9poussi\u00e9rage des mobiliers, pr\u00e9sentoirs, caisses<\/p><\/li><li data-start=\"827\" data-end=\"899\"><p data-start=\"829\" data-end=\"899\">D\u00e9sinfection des zones de contact (poign\u00e9es, terminaux de paiement\u2026)<\/p><\/li><li data-start=\"900\" data-end=\"958\"><p data-start=\"902\" data-end=\"958\">Nettoyage des cabines d\u2019essayage, sanitaires, r\u00e9serves<\/p><\/li><li data-start=\"959\" data-end=\"1013\"><p data-start=\"961\" data-end=\"1013\">Enl\u00e8vement des d\u00e9chets et gestion des consommables<\/p><\/li><\/ul><h4 data-start=\"1015\" data-end=\"1061\">Des interventions souples et discr\u00e8tes<\/h4><p data-start=\"1062\" data-end=\"1271\">Nous nous adaptons \u00e0 vos horaires d\u2019ouverture pour <strong data-start=\"1113\" data-end=\"1150\">minimiser l\u2019impact sur l\u2019activit\u00e9<\/strong> : nettoyage avant ou apr\u00e8s ouverture, ou en horaires d\u00e9cal\u00e9s. La discr\u00e9tion et la rapidit\u00e9 de nos agents sont garanties.<\/p><h4 data-start=\"1273\" data-end=\"1339\">Une propret\u00e9 irr\u00e9prochable = une exp\u00e9rience client r\u00e9ussie<\/h4><p data-start=\"1340\" data-end=\"1475\">Un espace de vente propre, lumineux et bien entretenu met en valeur vos produits et renforce l\u2019image professionnelle de votre enseigne.<\/p>\t\t\t\t\t\t\t\t<\/div>\n\t\t\t\t\t<\/div>\n\t\t\t\t<\/div>\n\t\t<div class=\"elementor-element elementor-element-a2cb1d4 e-flex e-con-boxed e-con e-parent\" data-id=\"a2cb1d4\" data-element_type=\"container\">\n\t\t\t\t\t<div class=\"e-con-inner\">\n\t\t\t\t\t<\/div>\n\t\t\t\t<\/div>\n\t\t\t\t<\/div>\n\t\t","protected":false},"excerpt":{"rendered":"<p>Nettoyage des Espaces Commerciaux Valorisez votre image gr\u00e2ce \u00e0 des locaux irr\u00e9prochables Dans un environnement commercial, la propret\u00e9 est un facteur cl\u00e9 d\u2019attractivit\u00e9 et de fid\u00e9lisation. Elle contribue non seulement \u00e0 l\u2019image de votre enseigne, mais aussi au confort de vos \u00e9quipes et \u00e0 la confiance de vos clients. Nous intervenons dans tous types d\u2019espaces [&hellip;]<\/p>\n","protected":false},"author":1,"featured_media":0,"parent":0,"menu_order":0,"comment_status":"closed","ping_status":"closed","template":"","meta":{"footnotes":""},"class_list":["post-242","page","type-page","status-publish","hentry"],"_links":{"self":[{"href":"https:\/\/www.omega-proprete.fr\/index.php\/wp-json\/wp\/v2\/pages\/242","targetHints":{"allow":["GET"]}}],"collection":[{"href":"https:\/\/www.omega-proprete.fr\/index.php\/wp-json\/wp\/v2\/pages"}],"about":[{"href":"https:\/\/www.omega-proprete.fr\/index.php\/wp-json\/wp\/v2\/types\/page"}],"author":[{"embeddable":true,"href":"https:\/\/www.omega-proprete.fr\/index.php\/wp-json\/wp\/v2\/users\/1"}],"replies":[{"embeddable":true,"href":"https:\/\/www.omega-proprete.fr\/index.php\/wp-json\/wp\/v2\/comments?post=242"}],"version-history":[{"count":10,"href":"https:\/\/www.omega-proprete.fr\/index.php\/wp-json\/wp\/v2\/pages\/242\/revisions"}],"predecessor-version":[{"id":297,"href":"https:\/\/www.omega-proprete.fr\/index.php\/wp-json\/wp\/v2\/pages\/242\/revisions\/297"}],"wp:attachment":[{"href":"https:\/\/www.omega-proprete.fr\/index.php\/wp-json\/wp\/v2\/media?parent=242"}],"curies":[{"name":"wp","href":"https:\/\/api.w.org\/{rel}","templated":true}]}}