{"id":202,"date":"2025-07-23T13:10:52","date_gmt":"2025-07-23T13:10:52","guid":{"rendered":"https:\/\/www.omega-proprete.fr\/?page_id=202"},"modified":"2025-07-23T13:16:25","modified_gmt":"2025-07-23T13:16:25","slug":"elementor-page-202","status":"publish","type":"page","link":"https:\/\/www.omega-proprete.fr\/index.php\/elementor-page-202\/","title":{"rendered":"Mentions l\u00e9gales"},"content":{"rendered":"\t\t<div data-elementor-type=\"wp-page\" data-elementor-id=\"202\" class=\"elementor elementor-202\">\n\t\t\t\t<div class=\"elementor-element elementor-element-96f4ed0 e-flex e-con-boxed e-con e-parent\" data-id=\"96f4ed0\" data-element_type=\"container\">\n\t\t\t\t\t<div class=\"e-con-inner\">\n\t\t\t\t<div class=\"elementor-element elementor-element-183cb6e elementor-widget elementor-widget-heading\" data-id=\"183cb6e\" data-element_type=\"widget\" data-widget_type=\"heading.default\">\n\t\t\t\t\t<h2 class=\"elementor-heading-title elementor-size-default\">\u2696\ufe0f Mentions l\u00e9gales<\/h2>\t\t\t\t<\/div>\n\t\t\t\t<div class=\"elementor-element elementor-element-3016f80 elementor-widget elementor-widget-text-editor\" data-id=\"3016f80\" data-element_type=\"widget\" data-widget_type=\"text-editor.default\">\n\t\t\t\t\t\t\t\t\t<p>Conform\u00e9ment aux dispositions l\u00e9gales, il est port\u00e9 \u00e0 la connaissance des utilisateurs et visiteurs du site les informations suivantes :<\/p>\t\t\t\t\t\t\t\t<\/div>\n\t\t\t\t<div class=\"elementor-element elementor-element-75cdb13 elementor-widget elementor-widget-text-editor\" data-id=\"75cdb13\" data-element_type=\"widget\" data-widget_type=\"text-editor.default\">\n\t\t\t\t\t\t\t\t\t<p><span style=\"text-align: var(--text-align);\">1. \u00c9diteur du site<\/span><\/p>\n<p>Raison sociale \/ Nom de l\u2019entreprise : OMEGA PROPRET\u00c9 &amp; SERVICES<\/p>\n<p>Forme juridique :&nbsp;<span style=\"font-family: var( --e-global-typography-text-font-family ), Sans-serif; font-size: var( --e-global-typography-text-font-size ); text-align: var(--text-align);\">SAS<\/span><\/p>\n<p>Capital social : 1<span style=\"font-family: var( --e-global-typography-text-font-family ), Sans-serif; font-size: var( --e-global-typography-text-font-size ); text-align: var(--text-align);\">00 \u20ac<\/span><\/p>\n<p>Adresse du si\u00e8ge social :3 RUE DU LAVOIR 49150 FOUGER\u00c9<\/p>\n<p>SIRET :&nbsp;98836498000017<\/p>\n<p>RCS : ANGERS<\/p><p>N\u00b0 TVA :&nbsp;FR19988364980<\/p>\n<p>Responsable de la publication : MOREAU MICKA\u00cbL<\/p>\n<p>Contact : mickael.moreau@omega-proprete.fr<\/p>\n<p><\/p>\n<p>2. H\u00e9bergeur du site<\/p>\n<p><span style=\"font-family: var( --e-global-typography-text-font-family ), Sans-serif; font-size: var( --e-global-typography-text-font-size ); text-align: var(--text-align);\">Nom de l&rsquo;h\u00e9bergeur :&nbsp;<\/span><span style=\"font-family: var( --e-global-typography-text-font-family ), Sans-serif; font-size: var( --e-global-typography-text-font-size ); text-align: var(--text-align);\">OVH<\/span><\/p>\n<p>Adresse : 2 rue Kellermann, 59100 Roubaix<\/p>\n<p>T\u00e9l\u00e9phone : 10 07<\/p>\n<p>Site Web :&nbsp;https:\/\/www.ovhcloud.com\/fr\/<\/p>\n<p><\/p>\n<p>3. Propri\u00e9t\u00e9 intellectuelle<\/p>\n<p><\/p>\n<p>L\u2019ensemble des contenus pr\u00e9sents sur le pr\u00e9sent site (textes, images, graphismes, logo, ic\u00f4nes, etc.) sont la propri\u00e9t\u00e9 exclusive d&rsquo;OMEGA PROPRET\u00c9 &amp; SERVICES ou d&rsquo;autres entreprises, et sont prot\u00e9g\u00e9s par le droit d\u2019auteur et\/ou le code de la propri\u00e9t\u00e9 intellectuelle.<\/p>\n<p><\/p>\n<p>Toute reproduction, repr\u00e9sentation, modification, publication, adaptation de tout ou partie des \u00e9l\u00e9ments du site, quel que soit le moyen ou le proc\u00e9d\u00e9 utilis\u00e9, est interdite sans l&rsquo;autorisation \u00e9crite pr\u00e9alable d&rsquo;OMEGA PROPRET\u00c9 &amp; SERVICES.<\/p>\n<p><\/p>\n<p>4. Donn\u00e9es personnelles<\/p>\n<p><\/p>\n<p>Conform\u00e9ment au R\u00e8glement G\u00e9n\u00e9ral sur la Protection des Donn\u00e9es (RGPD \u2013 UE 2016\/679), les informations personnelles collect\u00e9es via les formulaires sont strictement confidentielles et destin\u00e9es uniquement \u00e0 l\u2019usage d&rsquo;OMEGA PROPRET\u00c9 &amp; SERVICES pour la gestion des demandes.<\/p>\n<p><\/p>\n<p>Droit d\u2019acc\u00e8s, de rectification ou de suppression :<\/p>\n<p>Vous pouvez exercer vos droits en nous contactant \u00e0 l\u2019adresse suivante :<\/p>\n<p>\ud83d\udce7 mickael.moreau@omega-proprete.fr<\/p>\n<p><\/p>\n<p>5. Cookies<\/p>\n<p><\/p>\n<p>Le site peut utiliser des cookies pour am\u00e9liorer l\u2019exp\u00e9rience de navigation. Vous pouvez accepter ou refuser les cookies via le bandeau pr\u00e9vu \u00e0 cet effet. Pour plus d\u2019informations, consultez notre Politique de cookies.<\/p>\n<p><\/p>\n<p>6. Responsabilit\u00e9<\/p>\n<p><span style=\"font-family: var( --e-global-typography-text-font-family ), Sans-serif; font-size: var( --e-global-typography-text-font-size ); text-align: var(--text-align);\">OMEGA PROPRET\u00c9 &amp; SERVICES s\u2019efforce de fournir des informations aussi pr\u00e9cises que possible. Toutefois, elle ne pourra \u00eatre tenue responsable des omissions, inexactitudes ou carences dans la mise \u00e0 jour du site.<\/span><\/p>\n<p><\/p>\n<p>7. Droit applicable<\/p>\n<p><\/p>\n<p>Le pr\u00e9sent site est soumis au droit fran\u00e7ais. En cas de litige, les tribunaux d&rsquo;Angers seront seuls comp\u00e9tents.<\/p>\t\t\t\t\t\t\t\t<\/div>\n\t\t\t\t\t<\/div>\n\t\t\t\t<\/div>\n\t\t\t\t<\/div>\n\t\t","protected":false},"excerpt":{"rendered":"<p>\u2696\ufe0f Mentions l\u00e9gales Conform\u00e9ment aux dispositions l\u00e9gales, il est port\u00e9 \u00e0 la connaissance des utilisateurs et visiteurs du site les informations suivantes : 1. \u00c9diteur du site Raison sociale \/ Nom de l\u2019entreprise : OMEGA PROPRET\u00c9 &amp; SERVICES Forme juridique :&nbsp;SAS Capital social : 100 \u20ac Adresse du si\u00e8ge social :3 RUE DU LAVOIR 49150 [&hellip;]<\/p>\n","protected":false},"author":1,"featured_media":0,"parent":0,"menu_order":0,"comment_status":"closed","ping_status":"closed","template":"","meta":{"footnotes":""},"class_list":["post-202","page","type-page","status-publish","hentry"],"_links":{"self":[{"href":"https:\/\/www.omega-proprete.fr\/index.php\/wp-json\/wp\/v2\/pages\/202","targetHints":{"allow":["GET"]}}],"collection":[{"href":"https:\/\/www.omega-proprete.fr\/index.php\/wp-json\/wp\/v2\/pages"}],"about":[{"href":"https:\/\/www.omega-proprete.fr\/index.php\/wp-json\/wp\/v2\/types\/page"}],"author":[{"embeddable":true,"href":"https:\/\/www.omega-proprete.fr\/index.php\/wp-json\/wp\/v2\/users\/1"}],"replies":[{"embeddable":true,"href":"https:\/\/www.omega-proprete.fr\/index.php\/wp-json\/wp\/v2\/comments?post=202"}],"version-history":[{"count":7,"href":"https:\/\/www.omega-proprete.fr\/index.php\/wp-json\/wp\/v2\/pages\/202\/revisions"}],"predecessor-version":[{"id":209,"href":"https:\/\/www.omega-proprete.fr\/index.php\/wp-json\/wp\/v2\/pages\/202\/revisions\/209"}],"wp:attachment":[{"href":"https:\/\/www.omega-proprete.fr\/index.php\/wp-json\/wp\/v2\/media?parent=202"}],"curies":[{"name":"wp","href":"https:\/\/api.w.org\/{rel}","templated":true}]}}